{"id":514,"date":"2022-02-18T04:39:44","date_gmt":"2022-02-18T04:39:44","guid":{"rendered":"https:\/\/www.genemek.com\/?post_type=product&#038;p=514"},"modified":"2022-02-24T08:30:03","modified_gmt":"2022-02-24T08:30:03","slug":"junior","status":"publish","type":"product","link":"https:\/\/webtest.genemek.com\/tr\/urun\/junior\/","title":{"rendered":"JUNIOR"},"content":{"rendered":"\t\t<div data-elementor-type=\"wp-post\" data-elementor-id=\"514\" class=\"elementor elementor-514\">\n\t\t\t\t\t\t<section class=\"elementor-section elementor-top-section elementor-element elementor-element-9a8a05c elementor-section-boxed elementor-section-height-default elementor-section-height-default\" data-id=\"9a8a05c\" data-element_type=\"section\" data-e-type=\"section\" data-settings=\"{&quot;jet_parallax_layout_list&quot;:[{&quot;jet_parallax_layout_image&quot;:{&quot;url&quot;:&quot;&quot;,&quot;id&quot;:&quot;&quot;,&quot;size&quot;:&quot;&quot;},&quot;_id&quot;:&quot;387e63f&quot;,&quot;jet_parallax_layout_image_tablet&quot;:{&quot;url&quot;:&quot;&quot;,&quot;id&quot;:&quot;&quot;,&quot;size&quot;:&quot;&quot;},&quot;jet_parallax_layout_image_mobile&quot;:{&quot;url&quot;:&quot;&quot;,&quot;id&quot;:&quot;&quot;,&quot;size&quot;:&quot;&quot;},&quot;jet_parallax_layout_speed&quot;:{&quot;unit&quot;:&quot;%&quot;,&quot;size&quot;:50,&quot;sizes&quot;:[]},&quot;jet_parallax_layout_type&quot;:&quot;scroll&quot;,&quot;jet_parallax_layout_direction&quot;:&quot;1&quot;,&quot;jet_parallax_layout_fx_direction&quot;:null,&quot;jet_parallax_layout_z_index&quot;:&quot;&quot;,&quot;jet_parallax_layout_bg_x&quot;:50,&quot;jet_parallax_layout_bg_x_tablet&quot;:&quot;&quot;,&quot;jet_parallax_layout_bg_x_mobile&quot;:&quot;&quot;,&quot;jet_parallax_layout_bg_y&quot;:50,&quot;jet_parallax_layout_bg_y_tablet&quot;:&quot;&quot;,&quot;jet_parallax_layout_bg_y_mobile&quot;:&quot;&quot;,&quot;jet_parallax_layout_bg_size&quot;:&quot;auto&quot;,&quot;jet_parallax_layout_bg_size_tablet&quot;:&quot;&quot;,&quot;jet_parallax_layout_bg_size_mobile&quot;:&quot;&quot;,&quot;jet_parallax_layout_animation_prop&quot;:&quot;transform&quot;,&quot;jet_parallax_layout_on&quot;:[&quot;desktop&quot;,&quot;tablet&quot;]}],&quot;background_background&quot;:&quot;classic&quot;}\">\n\t\t\t\t\t\t<div class=\"elementor-container elementor-column-gap-extended\">\n\t\t\t\t\t<div class=\"elementor-column elementor-col-50 elementor-top-column elementor-element elementor-element-e2b4dcb\" data-id=\"e2b4dcb\" data-element_type=\"column\" data-e-type=\"column\">\n\t\t\t<div class=\"elementor-widget-wrap elementor-element-populated\">\n\t\t\t\t\t\t<div class=\"elementor-element elementor-element-2736699 elementor-widget elementor-widget-heading\" data-id=\"2736699\" data-element_type=\"widget\" data-e-type=\"widget\" data-widget_type=\"heading.default\">\n\t\t\t\t<div class=\"elementor-widget-container\">\n\t\t\t\t\t<h5 class=\"elementor-heading-title elementor-size-default\">Programming software<\/h5>\t\t\t\t<\/div>\n\t\t\t\t<\/div>\n\t\t\t\t<div class=\"elementor-element elementor-element-a38d044 elementor-widget elementor-widget-text-editor\" data-id=\"a38d044\" data-element_type=\"widget\" data-e-type=\"widget\" data-widget_type=\"text-editor.default\">\n\t\t\t\t<div class=\"elementor-widget-container\">\n\t\t\t\t\t\t\t\t\t<p>Programming kit PP200 \/ PP300 and a personal computer are enough to make your LCD-display show any picture or symbol you want.<br>\t\t\t\t\t\t\t\t<\/div>\n\t\t\t\t<\/div>\n\t\t\t\t<div class=\"elementor-element elementor-element-6efd1b8 elementor-widget elementor-widget-image\" data-id=\"6efd1b8\" data-element_type=\"widget\" data-e-type=\"widget\" data-widget_type=\"image.default\">\n\t\t\t\t<div class=\"elementor-widget-container\">\n\t\t\t\t\t\t\t\t\t\t\t\t\t\t\t<img fetchpriority=\"high\" decoding=\"async\" width=\"503\" height=\"379\" src=\"https:\/\/webtest.genemek.com\/wp-content\/uploads\/PLD-SS1.png\" class=\"attachment-medium_large size-medium_large wp-image-2085\" alt=\"\" srcset=\"https:\/\/webtest.genemek.com\/wp-content\/uploads\/PLD-SS1.png 503w, https:\/\/webtest.genemek.com\/wp-content\/uploads\/PLD-SS1-300x226.png 300w, https:\/\/webtest.genemek.com\/wp-content\/uploads\/PLD-SS1-340x256.png 340w\" sizes=\"(max-width: 503px) 100vw, 503px\" \/>\t\t\t\t\t\t\t\t\t\t\t\t\t\t\t<\/div>\n\t\t\t\t<\/div>\n\t\t\t\t\t<\/div>\n\t\t<\/div>\n\t\t\t\t<div class=\"elementor-column elementor-col-50 elementor-top-column elementor-element elementor-element-74d3e43\" data-id=\"74d3e43\" data-element_type=\"column\" data-e-type=\"column\">\n\t\t\t<div class=\"elementor-widget-wrap elementor-element-populated\">\n\t\t\t\t\t\t<div class=\"elementor-element elementor-element-4a09a8e elementor-widget elementor-widget-heading\" data-id=\"4a09a8e\" data-element_type=\"widget\" data-e-type=\"widget\" data-widget_type=\"heading.default\">\n\t\t\t\t<div class=\"elementor-widget-container\">\n\t\t\t\t\t<h5 class=\"elementor-heading-title elementor-size-default\">Design examples<\/h5>\t\t\t\t<\/div>\n\t\t\t\t<\/div>\n\t\t\t\t<div class=\"elementor-element elementor-element-b15087c elementor-widget elementor-widget-jet-images-layout\" data-id=\"b15087c\" data-element_type=\"widget\" data-e-type=\"widget\" data-settings=\"{&quot;columns&quot;:3}\" data-widget_type=\"jet-images-layout.default\">\n\t\t\t\t<div class=\"elementor-widget-container\">\n\t\t\t\t\t<div class=\"elementor-jet-images-layout jet-elements\">\n<div class=\"jet-images-layout layout-type-masonry\" data-settings='{&quot;layoutType&quot;:&quot;masonry&quot;,&quot;justifyHeight&quot;:300}'>\n\t<div class=\"jet-images-layout__list salvattore column-desktop-3 column-tablet-2 column-mobile-1\" data-columns>\n<div class=\"jet-images-layout__item \">\n\t<div class=\"jet-images-layout__inner\">\n\t\t<div class=\"jet-images-layout__image-loader\"><span><\/span><\/div>\n\t\t<a class=\"jet-images-layout__link \" href=\"https:\/\/webtest.genemek.com\/wp-content\/uploads\/pp200dty1.png\" data-elementor-open-lightbox=\"yes\" data-elementor-lightbox-slideshow=\"b15087c\">\n\t\t\t<div class=\"jet-images-layout__image\">\n\t\t\t\t<img decoding=\"async\" class=\"jet-images-layout__image-instance\" src=\"https:\/\/webtest.genemek.com\/wp-content\/uploads\/pp200dty1-169x300.png\" alt=\"pp200dty1\" loading=\"lazy\">\t\t\t<\/div>\n\t\t\t<div class=\"jet-images-layout__content\"><\/div>\n\t\t<\/a>\n\t<\/div>\n<\/div>\n<div class=\"jet-images-layout__item \">\n\t<div class=\"jet-images-layout__inner\">\n\t\t<div class=\"jet-images-layout__image-loader\"><span><\/span><\/div>\n\t\t<a class=\"jet-images-layout__link \" href=\"https:\/\/webtest.genemek.com\/wp-content\/uploads\/pp200dty2.png\" data-elementor-open-lightbox=\"yes\" data-elementor-lightbox-slideshow=\"b15087c\">\n\t\t\t<div class=\"jet-images-layout__image\">\n\t\t\t\t<img decoding=\"async\" class=\"jet-images-layout__image-instance\" src=\"https:\/\/webtest.genemek.com\/wp-content\/uploads\/pp200dty2.png\" alt=\"pp200dty2\" loading=\"lazy\">\t\t\t<\/div>\n\t\t\t<div class=\"jet-images-layout__content\"><\/div>\n\t\t<\/a>\n\t<\/div>\n<\/div>\n<div class=\"jet-images-layout__item \">\n\t<div class=\"jet-images-layout__inner\">\n\t\t<div class=\"jet-images-layout__image-loader\"><span><\/span><\/div>\n\t\t<a class=\"jet-images-layout__link \" href=\"https:\/\/webtest.genemek.com\/wp-content\/uploads\/pp200dty3.png\" data-elementor-open-lightbox=\"yes\" data-elementor-lightbox-slideshow=\"b15087c\">\n\t\t\t<div class=\"jet-images-layout__image\">\n\t\t\t\t<img decoding=\"async\" class=\"jet-images-layout__image-instance\" src=\"https:\/\/webtest.genemek.com\/wp-content\/uploads\/pp200dty3.png\" alt=\"pp200dty3\" loading=\"lazy\">\t\t\t<\/div>\n\t\t\t<div class=\"jet-images-layout__content\"><\/div>\n\t\t<\/a>\n\t<\/div>\n<\/div>\n<\/div><\/div>\n<\/div>\t\t\t\t<\/div>\n\t\t\t\t<\/div>\n\t\t\t\t\t<\/div>\n\t\t<\/div>\n\t\t\t\t\t<\/div>\n\t\t<\/section>\n\t\t\t\t<\/div>\n\t\t","protected":false},"excerpt":{"rendered":"<p>Programming software Programming kit PP200 \/ PP300 and a personal computer are enough to make your LCD-display show any picture or symbol you want. Design examples<\/p>","protected":false},"featured_media":614,"template":"","meta":{"_acf_changed":false},"product_brand":[],"product_cat":[81,84],"product_tag":[],"class_list":{"0":"post-514","1":"product","2":"type-product","3":"status-publish","4":"has-post-thumbnail","6":"product_cat-floor-position-indicators","7":"product_cat-lcd-indicators","9":"first","10":"instock","11":"shipping-taxable","12":"product-type-simple"},"acf":[],"yoast_head":"<!-- This site is optimized with the Yoast SEO plugin v27.1.1 - https:\/\/yoast.com\/product\/yoast-seo-wordpress\/ -->\n<title>JUNIOR &#8211; GENEMEK<\/title>\n<meta name=\"description\" content=\"Description\" \/>\n<meta name=\"robots\" content=\"index, follow, max-snippet:-1, max-image-preview:large, max-video-preview:-1\" \/>\n<link rel=\"canonical\" href=\"https:\/\/webtest.genemek.com\/tr\/urun\/junior\/\" \/>\n<meta property=\"og:locale\" content=\"tr_TR\" \/>\n<meta property=\"og:type\" content=\"article\" \/>\n<meta property=\"og:title\" content=\"JUNIOR &#8211; GENEMEK\" \/>\n<meta property=\"og:description\" content=\"Description\" \/>\n<meta property=\"og:url\" content=\"https:\/\/webtest.genemek.com\/tr\/urun\/junior\/\" \/>\n<meta property=\"og:site_name\" content=\"GENEMEK\" \/>\n<meta property=\"article:modified_time\" content=\"2022-02-24T08:30:03+00:00\" \/>\n<meta property=\"og:image\" content=\"https:\/\/webtest.genemek.com\/wp-content\/uploads\/Junior_right_angle.jpg\" \/>\n\t<meta property=\"og:image:width\" content=\"1024\" \/>\n\t<meta property=\"og:image:height\" content=\"1024\" \/>\n\t<meta property=\"og:image:type\" content=\"image\/jpeg\" \/>\n<meta name=\"twitter:card\" content=\"summary_large_image\" \/>\n<meta name=\"twitter:label1\" content=\"Tahmini okuma s\u00fcresi\" \/>\n\t<meta name=\"twitter:data1\" content=\"1 dakika\" \/>\n<script type=\"application\/ld+json\" class=\"yoast-schema-graph\">{\"@context\":\"https:\/\/schema.org\",\"@graph\":[{\"@type\":\"WebPage\",\"@id\":\"https:\/\/webtest.genemek.com\/product\/junior\/\",\"url\":\"https:\/\/webtest.genemek.com\/product\/junior\/\",\"name\":\"JUNIOR &#8211; GENEMEK\",\"isPartOf\":{\"@id\":\"https:\/\/webtest.genemek.com\/#website\"},\"primaryImageOfPage\":{\"@id\":\"https:\/\/webtest.genemek.com\/product\/junior\/#primaryimage\"},\"image\":{\"@id\":\"https:\/\/webtest.genemek.com\/product\/junior\/#primaryimage\"},\"thumbnailUrl\":\"https:\/\/webtest.genemek.com\/wp-content\/uploads\/Junior_right_angle.jpg\",\"datePublished\":\"2022-02-18T04:39:44+00:00\",\"dateModified\":\"2022-02-24T08:30:03+00:00\",\"description\":\"Description\",\"breadcrumb\":{\"@id\":\"https:\/\/webtest.genemek.com\/product\/junior\/#breadcrumb\"},\"inLanguage\":\"tr\",\"potentialAction\":[{\"@type\":\"ReadAction\",\"target\":[\"https:\/\/webtest.genemek.com\/product\/junior\/\"]}]},{\"@type\":\"ImageObject\",\"inLanguage\":\"tr\",\"@id\":\"https:\/\/webtest.genemek.com\/product\/junior\/#primaryimage\",\"url\":\"https:\/\/webtest.genemek.com\/wp-content\/uploads\/Junior_right_angle.jpg\",\"contentUrl\":\"https:\/\/webtest.genemek.com\/wp-content\/uploads\/Junior_right_angle.jpg\",\"width\":1024,\"height\":1024},{\"@type\":\"BreadcrumbList\",\"@id\":\"https:\/\/webtest.genemek.com\/product\/junior\/#breadcrumb\",\"itemListElement\":[{\"@type\":\"ListItem\",\"position\":1,\"name\":\"Home\",\"item\":\"https:\/\/webtest.genemek.com\/\"},{\"@type\":\"ListItem\",\"position\":2,\"name\":\"Products\",\"item\":\"https:\/\/webtest.genemek.com\/products\/\"},{\"@type\":\"ListItem\",\"position\":3,\"name\":\"Components &amp; Optionals\",\"item\":\"https:\/\/webtest.genemek.com\/product-category\/components-optionals\/\"},{\"@type\":\"ListItem\",\"position\":4,\"name\":\"Floor position indicators\",\"item\":\"https:\/\/webtest.genemek.com\/product-category\/components-optionals\/floor-position-indicators\/\"},{\"@type\":\"ListItem\",\"position\":5,\"name\":\"LCD indicators\",\"item\":\"https:\/\/webtest.genemek.com\/product-category\/components-optionals\/floor-position-indicators\/lcd-indicators\/\"},{\"@type\":\"ListItem\",\"position\":6,\"name\":\"JUNIOR\"}]},{\"@type\":\"WebSite\",\"@id\":\"https:\/\/webtest.genemek.com\/#website\",\"url\":\"https:\/\/webtest.genemek.com\/\",\"name\":\"GENEMEK\",\"description\":\"Landing &amp; Car Operator Panels for elevators\",\"publisher\":{\"@id\":\"https:\/\/webtest.genemek.com\/#organization\"},\"potentialAction\":[{\"@type\":\"SearchAction\",\"target\":{\"@type\":\"EntryPoint\",\"urlTemplate\":\"https:\/\/webtest.genemek.com\/?s={search_term_string}\"},\"query-input\":{\"@type\":\"PropertyValueSpecification\",\"valueRequired\":true,\"valueName\":\"search_term_string\"}}],\"inLanguage\":\"tr\"},{\"@type\":\"Organization\",\"@id\":\"https:\/\/webtest.genemek.com\/#organization\",\"name\":\"GENEMEK\",\"url\":\"https:\/\/webtest.genemek.com\/\",\"logo\":{\"@type\":\"ImageObject\",\"inLanguage\":\"tr\",\"@id\":\"https:\/\/webtest.genemek.com\/#\/schema\/logo\/image\/\",\"url\":\"https:\/\/webtest.genemek.com\/wp-content\/uploads\/GENEMEK_LOGO_header.svg\",\"contentUrl\":\"https:\/\/webtest.genemek.com\/wp-content\/uploads\/GENEMEK_LOGO_header.svg\",\"width\":1024,\"height\":512,\"caption\":\"GENEMEK\"},\"image\":{\"@id\":\"https:\/\/webtest.genemek.com\/#\/schema\/logo\/image\/\"}}]}<\/script>\n<!-- \/ Yoast SEO plugin. -->","yoast_head_json":{"title":"JUNIOR &#8211; GENEMEK","description":"Description","robots":{"index":"index","follow":"follow","max-snippet":"max-snippet:-1","max-image-preview":"max-image-preview:large","max-video-preview":"max-video-preview:-1"},"canonical":"https:\/\/webtest.genemek.com\/tr\/urun\/junior\/","og_locale":"tr_TR","og_type":"article","og_title":"JUNIOR &#8211; GENEMEK","og_description":"Description","og_url":"https:\/\/webtest.genemek.com\/tr\/urun\/junior\/","og_site_name":"GENEMEK","article_modified_time":"2022-02-24T08:30:03+00:00","og_image":[{"width":1024,"height":1024,"url":"https:\/\/webtest.genemek.com\/wp-content\/uploads\/Junior_right_angle.jpg","type":"image\/jpeg"}],"twitter_card":"summary_large_image","twitter_misc":{"Tahmini okuma s\u00fcresi":"1 dakika"},"schema":{"@context":"https:\/\/schema.org","@graph":[{"@type":"WebPage","@id":"https:\/\/webtest.genemek.com\/product\/junior\/","url":"https:\/\/webtest.genemek.com\/product\/junior\/","name":"JUNIOR &#8211; GENEMEK","isPartOf":{"@id":"https:\/\/webtest.genemek.com\/#website"},"primaryImageOfPage":{"@id":"https:\/\/webtest.genemek.com\/product\/junior\/#primaryimage"},"image":{"@id":"https:\/\/webtest.genemek.com\/product\/junior\/#primaryimage"},"thumbnailUrl":"https:\/\/webtest.genemek.com\/wp-content\/uploads\/Junior_right_angle.jpg","datePublished":"2022-02-18T04:39:44+00:00","dateModified":"2022-02-24T08:30:03+00:00","description":"Description","breadcrumb":{"@id":"https:\/\/webtest.genemek.com\/product\/junior\/#breadcrumb"},"inLanguage":"tr","potentialAction":[{"@type":"ReadAction","target":["https:\/\/webtest.genemek.com\/product\/junior\/"]}]},{"@type":"ImageObject","inLanguage":"tr","@id":"https:\/\/webtest.genemek.com\/product\/junior\/#primaryimage","url":"https:\/\/webtest.genemek.com\/wp-content\/uploads\/Junior_right_angle.jpg","contentUrl":"https:\/\/webtest.genemek.com\/wp-content\/uploads\/Junior_right_angle.jpg","width":1024,"height":1024},{"@type":"BreadcrumbList","@id":"https:\/\/webtest.genemek.com\/product\/junior\/#breadcrumb","itemListElement":[{"@type":"ListItem","position":1,"name":"Home","item":"https:\/\/webtest.genemek.com\/"},{"@type":"ListItem","position":2,"name":"Products","item":"https:\/\/webtest.genemek.com\/products\/"},{"@type":"ListItem","position":3,"name":"Components &amp; Optionals","item":"https:\/\/webtest.genemek.com\/product-category\/components-optionals\/"},{"@type":"ListItem","position":4,"name":"Floor position indicators","item":"https:\/\/webtest.genemek.com\/product-category\/components-optionals\/floor-position-indicators\/"},{"@type":"ListItem","position":5,"name":"LCD indicators","item":"https:\/\/webtest.genemek.com\/product-category\/components-optionals\/floor-position-indicators\/lcd-indicators\/"},{"@type":"ListItem","position":6,"name":"JUNIOR"}]},{"@type":"WebSite","@id":"https:\/\/webtest.genemek.com\/#website","url":"https:\/\/webtest.genemek.com\/","name":"GENEMEK","description":"Asans\u00f6rler i\u00e7in KAT &amp; KAB\u0130N kasetleri","publisher":{"@id":"https:\/\/webtest.genemek.com\/#organization"},"potentialAction":[{"@type":"SearchAction","target":{"@type":"EntryPoint","urlTemplate":"https:\/\/webtest.genemek.com\/?s={search_term_string}"},"query-input":{"@type":"PropertyValueSpecification","valueRequired":true,"valueName":"search_term_string"}}],"inLanguage":"tr"},{"@type":"Organization","@id":"https:\/\/webtest.genemek.com\/#organization","name":"GENEMEK","url":"https:\/\/webtest.genemek.com\/","logo":{"@type":"ImageObject","inLanguage":"tr","@id":"https:\/\/webtest.genemek.com\/#\/schema\/logo\/image\/","url":"https:\/\/webtest.genemek.com\/wp-content\/uploads\/GENEMEK_LOGO_header.svg","contentUrl":"https:\/\/webtest.genemek.com\/wp-content\/uploads\/GENEMEK_LOGO_header.svg","width":1024,"height":512,"caption":"GENEMEK"},"image":{"@id":"https:\/\/webtest.genemek.com\/#\/schema\/logo\/image\/"}}]}},"_links":{"self":[{"href":"https:\/\/webtest.genemek.com\/tr\/wp-json\/wp\/v2\/product\/514","targetHints":{"allow":["GET"]}}],"collection":[{"href":"https:\/\/webtest.genemek.com\/tr\/wp-json\/wp\/v2\/product"}],"about":[{"href":"https:\/\/webtest.genemek.com\/tr\/wp-json\/wp\/v2\/types\/product"}],"version-history":[{"count":0,"href":"https:\/\/webtest.genemek.com\/tr\/wp-json\/wp\/v2\/product\/514\/revisions"}],"wp:featuredmedia":[{"embeddable":true,"href":"https:\/\/webtest.genemek.com\/tr\/wp-json\/wp\/v2\/media\/614"}],"wp:attachment":[{"href":"https:\/\/webtest.genemek.com\/tr\/wp-json\/wp\/v2\/media?parent=514"}],"wp:term":[{"taxonomy":"product_brand","embeddable":true,"href":"https:\/\/webtest.genemek.com\/tr\/wp-json\/wp\/v2\/product_brand?post=514"},{"taxonomy":"product_cat","embeddable":true,"href":"https:\/\/webtest.genemek.com\/tr\/wp-json\/wp\/v2\/product_cat?post=514"},{"taxonomy":"product_tag","embeddable":true,"href":"https:\/\/webtest.genemek.com\/tr\/wp-json\/wp\/v2\/product_tag?post=514"}],"curies":[{"name":"wp","href":"https:\/\/api.w.org\/{rel}","templated":true}]}}