{"id":512,"date":"2022-02-18T04:39:44","date_gmt":"2022-02-18T04:39:44","guid":{"rendered":"https:\/\/www.genemek.com\/?post_type=product&#038;p=512"},"modified":"2022-02-24T08:40:17","modified_gmt":"2022-02-24T08:40:17","slug":"avns-ds","status":"publish","type":"product","link":"https:\/\/webtest.genemek.com\/tr\/urun\/avns-ds\/","title":{"rendered":"AVNS-DS"},"content":{"rendered":"","protected":false},"excerpt":{"rendered":"","protected":false},"featured_media":601,"template":"","meta":{"_acf_changed":false},"product_brand":[],"product_cat":[81,82],"product_tag":[],"class_list":{"0":"post-512","1":"product","2":"type-product","3":"status-publish","4":"has-post-thumbnail","6":"product_cat-floor-position-indicators","7":"product_cat-led-indicators","9":"first","10":"instock","11":"shipping-taxable","12":"product-type-simple"},"acf":[],"yoast_head":"<!-- This site is optimized with the Yoast SEO plugin v27.1.1 - https:\/\/yoast.com\/product\/yoast-seo-wordpress\/ -->\n<title>AVNS-DS &#8211; GENEMEK<\/title>\n<meta name=\"description\" content=\"Description\" \/>\n<meta name=\"robots\" content=\"index, follow, max-snippet:-1, max-image-preview:large, max-video-preview:-1\" \/>\n<link rel=\"canonical\" href=\"https:\/\/webtest.genemek.com\/tr\/urun\/avns-ds\/\" \/>\n<meta property=\"og:locale\" content=\"tr_TR\" \/>\n<meta property=\"og:type\" content=\"article\" \/>\n<meta property=\"og:title\" content=\"AVNS-DS &#8211; GENEMEK\" \/>\n<meta property=\"og:description\" content=\"Description\" \/>\n<meta property=\"og:url\" content=\"https:\/\/webtest.genemek.com\/tr\/urun\/avns-ds\/\" \/>\n<meta property=\"og:site_name\" content=\"GENEMEK\" \/>\n<meta property=\"article:modified_time\" content=\"2022-02-24T08:40:17+00:00\" \/>\n<meta property=\"og:image\" content=\"https:\/\/webtest.genemek.com\/wp-content\/uploads\/AV-DSV_right_angle.jpg\" \/>\n\t<meta property=\"og:image:width\" content=\"1024\" \/>\n\t<meta property=\"og:image:height\" content=\"1024\" \/>\n\t<meta property=\"og:image:type\" content=\"image\/jpeg\" \/>\n<meta name=\"twitter:card\" content=\"summary_large_image\" \/>\n<script type=\"application\/ld+json\" class=\"yoast-schema-graph\">{\"@context\":\"https:\/\/schema.org\",\"@graph\":[{\"@type\":\"WebPage\",\"@id\":\"https:\/\/webtest.genemek.com\/product\/avns-ds\/\",\"url\":\"https:\/\/webtest.genemek.com\/product\/avns-ds\/\",\"name\":\"AVNS-DS &#8211; GENEMEK\",\"isPartOf\":{\"@id\":\"https:\/\/webtest.genemek.com\/#website\"},\"primaryImageOfPage\":{\"@id\":\"https:\/\/webtest.genemek.com\/product\/avns-ds\/#primaryimage\"},\"image\":{\"@id\":\"https:\/\/webtest.genemek.com\/product\/avns-ds\/#primaryimage\"},\"thumbnailUrl\":\"https:\/\/webtest.genemek.com\/wp-content\/uploads\/AV-DSV_right_angle.jpg\",\"datePublished\":\"2022-02-18T04:39:44+00:00\",\"dateModified\":\"2022-02-24T08:40:17+00:00\",\"description\":\"Description\",\"breadcrumb\":{\"@id\":\"https:\/\/webtest.genemek.com\/product\/avns-ds\/#breadcrumb\"},\"inLanguage\":\"tr\",\"potentialAction\":[{\"@type\":\"ReadAction\",\"target\":[\"https:\/\/webtest.genemek.com\/product\/avns-ds\/\"]}]},{\"@type\":\"ImageObject\",\"inLanguage\":\"tr\",\"@id\":\"https:\/\/webtest.genemek.com\/product\/avns-ds\/#primaryimage\",\"url\":\"https:\/\/webtest.genemek.com\/wp-content\/uploads\/AV-DSV_right_angle.jpg\",\"contentUrl\":\"https:\/\/webtest.genemek.com\/wp-content\/uploads\/AV-DSV_right_angle.jpg\",\"width\":1024,\"height\":1024},{\"@type\":\"BreadcrumbList\",\"@id\":\"https:\/\/webtest.genemek.com\/product\/avns-ds\/#breadcrumb\",\"itemListElement\":[{\"@type\":\"ListItem\",\"position\":1,\"name\":\"Home\",\"item\":\"https:\/\/webtest.genemek.com\/\"},{\"@type\":\"ListItem\",\"position\":2,\"name\":\"Products\",\"item\":\"https:\/\/webtest.genemek.com\/products\/\"},{\"@type\":\"ListItem\",\"position\":3,\"name\":\"Components &amp; Optionals\",\"item\":\"https:\/\/webtest.genemek.com\/product-category\/components-optionals\/\"},{\"@type\":\"ListItem\",\"position\":4,\"name\":\"Floor position indicators\",\"item\":\"https:\/\/webtest.genemek.com\/product-category\/components-optionals\/floor-position-indicators\/\"},{\"@type\":\"ListItem\",\"position\":5,\"name\":\"LED indicators\",\"item\":\"https:\/\/webtest.genemek.com\/product-category\/components-optionals\/floor-position-indicators\/led-indicators\/\"},{\"@type\":\"ListItem\",\"position\":6,\"name\":\"AVNS-DS\"}]},{\"@type\":\"WebSite\",\"@id\":\"https:\/\/webtest.genemek.com\/#website\",\"url\":\"https:\/\/webtest.genemek.com\/\",\"name\":\"GENEMEK\",\"description\":\"Landing &amp; Car Operator Panels for elevators\",\"publisher\":{\"@id\":\"https:\/\/webtest.genemek.com\/#organization\"},\"potentialAction\":[{\"@type\":\"SearchAction\",\"target\":{\"@type\":\"EntryPoint\",\"urlTemplate\":\"https:\/\/webtest.genemek.com\/?s={search_term_string}\"},\"query-input\":{\"@type\":\"PropertyValueSpecification\",\"valueRequired\":true,\"valueName\":\"search_term_string\"}}],\"inLanguage\":\"tr\"},{\"@type\":\"Organization\",\"@id\":\"https:\/\/webtest.genemek.com\/#organization\",\"name\":\"GENEMEK\",\"url\":\"https:\/\/webtest.genemek.com\/\",\"logo\":{\"@type\":\"ImageObject\",\"inLanguage\":\"tr\",\"@id\":\"https:\/\/webtest.genemek.com\/#\/schema\/logo\/image\/\",\"url\":\"https:\/\/webtest.genemek.com\/wp-content\/uploads\/GENEMEK_LOGO_header.svg\",\"contentUrl\":\"https:\/\/webtest.genemek.com\/wp-content\/uploads\/GENEMEK_LOGO_header.svg\",\"width\":1024,\"height\":512,\"caption\":\"GENEMEK\"},\"image\":{\"@id\":\"https:\/\/webtest.genemek.com\/#\/schema\/logo\/image\/\"}}]}<\/script>\n<!-- \/ Yoast SEO plugin. -->","yoast_head_json":{"title":"AVNS-DS &#8211; GENEMEK","description":"Description","robots":{"index":"index","follow":"follow","max-snippet":"max-snippet:-1","max-image-preview":"max-image-preview:large","max-video-preview":"max-video-preview:-1"},"canonical":"https:\/\/webtest.genemek.com\/tr\/urun\/avns-ds\/","og_locale":"tr_TR","og_type":"article","og_title":"AVNS-DS &#8211; GENEMEK","og_description":"Description","og_url":"https:\/\/webtest.genemek.com\/tr\/urun\/avns-ds\/","og_site_name":"GENEMEK","article_modified_time":"2022-02-24T08:40:17+00:00","og_image":[{"width":1024,"height":1024,"url":"https:\/\/webtest.genemek.com\/wp-content\/uploads\/AV-DSV_right_angle.jpg","type":"image\/jpeg"}],"twitter_card":"summary_large_image","schema":{"@context":"https:\/\/schema.org","@graph":[{"@type":"WebPage","@id":"https:\/\/webtest.genemek.com\/product\/avns-ds\/","url":"https:\/\/webtest.genemek.com\/product\/avns-ds\/","name":"AVNS-DS &#8211; GENEMEK","isPartOf":{"@id":"https:\/\/webtest.genemek.com\/#website"},"primaryImageOfPage":{"@id":"https:\/\/webtest.genemek.com\/product\/avns-ds\/#primaryimage"},"image":{"@id":"https:\/\/webtest.genemek.com\/product\/avns-ds\/#primaryimage"},"thumbnailUrl":"https:\/\/webtest.genemek.com\/wp-content\/uploads\/AV-DSV_right_angle.jpg","datePublished":"2022-02-18T04:39:44+00:00","dateModified":"2022-02-24T08:40:17+00:00","description":"Description","breadcrumb":{"@id":"https:\/\/webtest.genemek.com\/product\/avns-ds\/#breadcrumb"},"inLanguage":"tr","potentialAction":[{"@type":"ReadAction","target":["https:\/\/webtest.genemek.com\/product\/avns-ds\/"]}]},{"@type":"ImageObject","inLanguage":"tr","@id":"https:\/\/webtest.genemek.com\/product\/avns-ds\/#primaryimage","url":"https:\/\/webtest.genemek.com\/wp-content\/uploads\/AV-DSV_right_angle.jpg","contentUrl":"https:\/\/webtest.genemek.com\/wp-content\/uploads\/AV-DSV_right_angle.jpg","width":1024,"height":1024},{"@type":"BreadcrumbList","@id":"https:\/\/webtest.genemek.com\/product\/avns-ds\/#breadcrumb","itemListElement":[{"@type":"ListItem","position":1,"name":"Home","item":"https:\/\/webtest.genemek.com\/"},{"@type":"ListItem","position":2,"name":"Products","item":"https:\/\/webtest.genemek.com\/products\/"},{"@type":"ListItem","position":3,"name":"Components &amp; Optionals","item":"https:\/\/webtest.genemek.com\/product-category\/components-optionals\/"},{"@type":"ListItem","position":4,"name":"Floor position indicators","item":"https:\/\/webtest.genemek.com\/product-category\/components-optionals\/floor-position-indicators\/"},{"@type":"ListItem","position":5,"name":"LED indicators","item":"https:\/\/webtest.genemek.com\/product-category\/components-optionals\/floor-position-indicators\/led-indicators\/"},{"@type":"ListItem","position":6,"name":"AVNS-DS"}]},{"@type":"WebSite","@id":"https:\/\/webtest.genemek.com\/#website","url":"https:\/\/webtest.genemek.com\/","name":"GENEMEK","description":"Asans\u00f6rler i\u00e7in KAT &amp; KAB\u0130N kasetleri","publisher":{"@id":"https:\/\/webtest.genemek.com\/#organization"},"potentialAction":[{"@type":"SearchAction","target":{"@type":"EntryPoint","urlTemplate":"https:\/\/webtest.genemek.com\/?s={search_term_string}"},"query-input":{"@type":"PropertyValueSpecification","valueRequired":true,"valueName":"search_term_string"}}],"inLanguage":"tr"},{"@type":"Organization","@id":"https:\/\/webtest.genemek.com\/#organization","name":"GENEMEK","url":"https:\/\/webtest.genemek.com\/","logo":{"@type":"ImageObject","inLanguage":"tr","@id":"https:\/\/webtest.genemek.com\/#\/schema\/logo\/image\/","url":"https:\/\/webtest.genemek.com\/wp-content\/uploads\/GENEMEK_LOGO_header.svg","contentUrl":"https:\/\/webtest.genemek.com\/wp-content\/uploads\/GENEMEK_LOGO_header.svg","width":1024,"height":512,"caption":"GENEMEK"},"image":{"@id":"https:\/\/webtest.genemek.com\/#\/schema\/logo\/image\/"}}]}},"_links":{"self":[{"href":"https:\/\/webtest.genemek.com\/tr\/wp-json\/wp\/v2\/product\/512","targetHints":{"allow":["GET"]}}],"collection":[{"href":"https:\/\/webtest.genemek.com\/tr\/wp-json\/wp\/v2\/product"}],"about":[{"href":"https:\/\/webtest.genemek.com\/tr\/wp-json\/wp\/v2\/types\/product"}],"version-history":[{"count":0,"href":"https:\/\/webtest.genemek.com\/tr\/wp-json\/wp\/v2\/product\/512\/revisions"}],"wp:featuredmedia":[{"embeddable":true,"href":"https:\/\/webtest.genemek.com\/tr\/wp-json\/wp\/v2\/media\/601"}],"wp:attachment":[{"href":"https:\/\/webtest.genemek.com\/tr\/wp-json\/wp\/v2\/media?parent=512"}],"wp:term":[{"taxonomy":"product_brand","embeddable":true,"href":"https:\/\/webtest.genemek.com\/tr\/wp-json\/wp\/v2\/product_brand?post=512"},{"taxonomy":"product_cat","embeddable":true,"href":"https:\/\/webtest.genemek.com\/tr\/wp-json\/wp\/v2\/product_cat?post=512"},{"taxonomy":"product_tag","embeddable":true,"href":"https:\/\/webtest.genemek.com\/tr\/wp-json\/wp\/v2\/product_tag?post=512"}],"curies":[{"name":"wp","href":"https:\/\/api.w.org\/{rel}","templated":true}]}}